{"id":21496,"date":"2024-03-13T15:21:00","date_gmt":"2024-03-13T15:21:00","guid":{"rendered":"https:\/\/wallever.store\/?post_type=product&#038;p=21496"},"modified":"2026-02-13T15:12:41","modified_gmt":"2026-02-13T15:12:41","slug":"dekorativni-zaves-mickey-mouse-140-x-245-cm-fcsl-7141","status":"publish","type":"product","link":"https:\/\/wallever.store\/cs\/dekorativni-zaves-mickey-mouse-140-x-245-cm-fcsl-7141\/","title":{"rendered":"Curtain Mickey Mouse | 140 x 245 cm | FCSL7141"},"content":{"rendered":"<p>Fotografick\u00e9 z\u00e1v\u011bsy jsou skv\u011bl\u00fdm a snadn\u00fdm zp\u016fsobem, jak o\u017eivit jak\u00fdkoli interi\u00e9r kr\u00e1sn\u00fdmi designy a chr\u00e1nit jej p\u0159ed p\u0159\u00edm\u00fdm slune\u010dn\u00edm sv\u011btlem.<br \/>\n100% lehk\u00fd ekologick\u00fd 80 gramov\u00fd polyester &#8211; Tkanina t\u011bchto z\u00e1v\u011bs\u016f propou\u0161t\u00ed dostatek slune\u010dn\u00edho sv\u011btla do va\u0161eho pokoje a z\u00e1rove\u0148 ho chr\u00e1n\u00ed p\u0159ed p\u0159\u00edm\u00fdm slune\u010dn\u00edm sv\u011btlem. V\u0161echny z\u00e1v\u011bsy jsou snadno udr\u017eovateln\u00e9 a s \u010dasem neblednou. D\u00edky inovativn\u00edmu syst\u00e9mu mont\u00e1\u017ee jsou snadno a rychle instalovateln\u00e9, vhodn\u00e9 pro v\u0161echny druhy z\u00e1v\u011bsn\u00fdch ty\u010d\u00ed. Balen\u00ed obsahuje 8\/10\/16 ks plastov\u00fdch h\u00e1\u010dk\u016f.<br \/>\nZ\u00e1v\u011bsn\u00e1 ty\u010d nen\u00ed sou\u010d\u00e1st\u00ed nab\u00eddky.<\/p>\n<p>\u2713 DESIGN &#8211; Origin\u00e1ln\u00ed design od spole\u010dnosti AG Design, blokuje 70% sv\u011btla a 100% UV paprsk\u016f, nep\u0159ekonateln\u00e1 kvalita dekorace, doporu\u010deno pro d\u011btsk\u00e9 pokoje, 100% vyrobeno v \u010cR. Lze pou\u017e\u00edt samostatn\u011b nebo v kombinaci s pol\u0161t\u00e1\u0159ky AG Design.<br \/>\n\u2713 TISK \u2013 Jasn\u00e9 a bohat\u00e9 barvy d\u00edky kvalitn\u00edmu digit\u00e1ln\u00edmu tisku. \u010casem nevybled\u00e1vaj\u00ed.<br \/>\n\u2713 MATERI\u00c1L &#8211; 100% ekologicky \u0161etrn\u00fd PES, neobsahuje nebezpe\u010dn\u00e9 l\u00e1tky, nekumuluje prach ani vlhkost, doporu\u010deno pro d\u011bti a alergiky, certifikov\u00e1no.<br \/>\n\u2713 IDE\u00c1LN\u00cd DEKORACE &#8211; Tento modern\u00ed rozm\u011br 140 x 245 cm, 1 d\u00edl lze rychle nainstalovat na v\u0161echny druhy z\u00e1v\u011bsn\u00fdch ty\u010d\u00ed.<br \/>\n\u2713 JEDNODUCH\u00c1 INSTALACE &#8211; Rychl\u00e1 a snadn\u00e1 instalace d\u00edky p\u0159ilo\u017een\u00fdm \u0161ed\u00fdm plastov\u00fdm h\u00e1\u010dk\u016fm pro mont\u00e1\u017en\u00ed syst\u00e9m. Bezstarostn\u00e1 \u00fadr\u017eba, snadn\u00e9 pran\u00ed a \u010di\u0161t\u011bn\u00ed (n\u00e1vod na obalu).<\/p>","protected":false},"excerpt":{"rendered":"<p>Photo curtains are great and easy way to liven up any interior with beautiful designs and protect it from direct sunlight.<\/p>","protected":false},"featured_media":15646,"comment_status":"closed","ping_status":"closed","template":"","meta":{"bwfblock_default_font":""},"product_brand":[],"product_cat":[73,391,76,92],"product_tag":[351],"class_list":{"0":"post-21496","1":"product","2":"type-product","3":"status-publish","4":"has-post-thumbnail","6":"product_cat-curtains","7":"product_cat-curtains-for-kids","8":"product_cat-for-kids","9":"product_cat-for-kids-multicolored","10":"product_tag-ag-design","11":"pa_availability-in-stock","12":"pa_design-for-kids","13":"pa_material-polyester","14":"pa_room-for-kids-room","15":"pa_size-140x245","17":"first","18":"instock","19":"taxable","20":"shipping-taxable","21":"product-type-simple"},"_links":{"self":[{"href":"https:\/\/wallever.store\/cs\/wp-json\/wp\/v2\/product\/21496","targetHints":{"allow":["GET"]}}],"collection":[{"href":"https:\/\/wallever.store\/cs\/wp-json\/wp\/v2\/product"}],"about":[{"href":"https:\/\/wallever.store\/cs\/wp-json\/wp\/v2\/types\/product"}],"replies":[{"embeddable":true,"href":"https:\/\/wallever.store\/cs\/wp-json\/wp\/v2\/comments?post=21496"}],"wp:featuredmedia":[{"embeddable":true,"href":"https:\/\/wallever.store\/cs\/wp-json\/wp\/v2\/media\/15646"}],"wp:attachment":[{"href":"https:\/\/wallever.store\/cs\/wp-json\/wp\/v2\/media?parent=21496"}],"wp:term":[{"taxonomy":"product_brand","embeddable":true,"href":"https:\/\/wallever.store\/cs\/wp-json\/wp\/v2\/product_brand?post=21496"},{"taxonomy":"product_cat","embeddable":true,"href":"https:\/\/wallever.store\/cs\/wp-json\/wp\/v2\/product_cat?post=21496"},{"taxonomy":"product_tag","embeddable":true,"href":"https:\/\/wallever.store\/cs\/wp-json\/wp\/v2\/product_tag?post=21496"}],"curies":[{"name":"wp","href":"https:\/\/api.w.org\/{rel}","templated":true}]}}